{"id":8925,"date":"2024-09-12T13:10:59","date_gmt":"2024-09-12T12:10:59","guid":{"rendered":"https:\/\/sztgotthard-altisk.hu\/?page_id=8925"},"modified":"2025-10-01T12:55:53","modified_gmt":"2025-10-01T11:55:53","slug":"dolgozoink-2024-2025","status":"publish","type":"page","link":"https:\/\/sztgotthard-altisk.hu\/?page_id=8925","title":{"rendered":"Dolgoz\u00f3ink 2025\/2026"},"content":{"rendered":"<table style=\"height: 1050px; width: 87.9471%;\">\n<tbody>\n<tr style=\"height: 21px;\">\n<td style=\"width: 51.1163%; text-align: center; height: 21px;\">Anek Janka<\/td>\n<td style=\"width: 48.7662%; text-align: center; height: 21px;\">gy\u00f3gypedag\u00f3gus<\/td>\n<\/tr>\n<tr style=\"height: 21px;\">\n<td style=\"width: 51.1163%; height: 21px; text-align: center;\">B\u00e1gern\u00e9 Kov\u00e1cs Eszter<\/td>\n<td style=\"width: 48.7662%; height: 21px; text-align: center;\">oszt\u00e1lyf\u0151n\u00f6k (4.a), tan\u00edt\u00f3, fejleszt\u0151pedag\u00f3gus<\/td>\n<\/tr>\n<tr style=\"height: 21px;\">\n<td style=\"width: 51.1163%; height: 21px; text-align: center;\">Br\u00fcckner Bogl\u00e1rka<\/td>\n<td style=\"width: 48.7662%; height: 21px; text-align: center;\">oszt\u00e1lyf\u0151n\u00f6k (3.a), tan\u00edt\u00f3<\/td>\n<\/tr>\n<tr style=\"height: 21px;\">\n<td style=\"width: 51.1163%; height: 21px; text-align: center;\">Csuk Hajnalka<\/td>\n<td style=\"width: 48.7662%; height: 21px; text-align: center;\">tagint\u00e9zm\u00e9ny &#8211; igazgat\u00f3, n\u00e9met nyelv, matematika szakos pedag\u00f3gus<\/td>\n<\/tr>\n<tr style=\"height: 21px;\">\n<td style=\"width: 51.1163%; height: 21px; text-align: center;\">Doncseczn\u00e9 Verh\u00e1s Katalin<\/td>\n<td style=\"width: 48.7662%; height: 21px; text-align: center;\">oszt\u00e1lyf\u0151n\u00f6k (6.a), matematika, digit\u00e1lis kult\u00fara szakos pedag\u00f3gus<\/td>\n<\/tr>\n<tr style=\"height: 21px;\">\n<td style=\"width: 51.1163%; height: 21px; text-align: center;\">Gallai &#8211; N\u00e9meth Barbara<\/td>\n<td style=\"width: 48.7662%; height: 21px; text-align: center;\">gy\u00f3gypedag\u00f3gus<\/td>\n<\/tr>\n<tr style=\"height: 21px;\">\n<td style=\"width: 51.1163%; height: 21px; text-align: center;\">Gomb\u00e1sn\u00e9 B\u00e1nfi Andrea<\/td>\n<td style=\"width: 48.7662%; height: 21px; text-align: center;\">f\u00f6ldrajz, rajz, biol\u00f3gia szakos pedag\u00f3gus<\/td>\n<\/tr>\n<tr style=\"height: 21px;\">\n<td style=\"width: 51.1163%; height: 21px; text-align: center;\">Gyuk Bendeg\u00faz<\/td>\n<td style=\"width: 48.7662%; height: 21px; text-align: center;\">testnevel\u00e9s, hittan szakos pedag\u00f3gus<\/td>\n<\/tr>\n<tr style=\"height: 21px;\">\n<td style=\"width: 51.1163%; height: 21px; text-align: center;\">Hargitain\u00e9 Fony\u00f3 Judit<\/td>\n<td style=\"width: 48.7662%; height: 21px; text-align: center;\">tan\u00edt\u00f3<\/td>\n<\/tr>\n<tr style=\"height: 21px;\">\n<td style=\"width: 51.1163%; height: 21px; text-align: center;\">Heged\u0171s Gy\u00f6rgy<\/td>\n<td style=\"width: 48.7662%; height: 21px; text-align: center;\">oszt\u00e1lyf\u0151n\u00f6k (1.b), tan\u00edt\u00f3<\/td>\n<\/tr>\n<tr style=\"height: 21px;\">\n<td style=\"width: 51.1163%; height: 21px; text-align: center;\">Heged\u00fcsn\u00e9 Borb\u00e9ly Krisztina<\/td>\n<td style=\"width: 48.7662%; height: 21px; text-align: center;\">oszt\u00e1lyf\u0151n\u00f6k (1.c), tan\u00edt\u00f3<\/td>\n<\/tr>\n<tr style=\"height: 21px;\">\n<td style=\"width: 51.1163%; height: 21px; text-align: center;\">Heged\u0171sn\u00e9 Dragony Kitti<\/td>\n<td style=\"width: 48.7662%; height: 21px; text-align: center;\">oszt\u00e1lyf\u0151n\u00f6k (4.b), tan\u00edt\u00f3<\/td>\n<\/tr>\n<tr style=\"height: 21px;\">\n<td style=\"width: 51.1163%; height: 21px; text-align: center;\">Horv\u00e1th Gy\u00f6rgy Istv\u00e1n<\/td>\n<td style=\"width: 48.7662%; height: 21px; text-align: center;\">biol\u00f3gia, k\u00e9mia, hittan szakos pedag\u00f3gus<\/td>\n<\/tr>\n<tr style=\"height: 21px;\">\n<td style=\"width: 51.1163%; height: 21px; text-align: center;\">Husz\u00e1rn\u00e9 Peresztegi Be\u00e1ta<\/td>\n<td style=\"width: 48.7662%; height: 21px; text-align: center;\">szlov\u00e9n nyelv, angol nyelv szakos pedag\u00f3gus<\/td>\n<\/tr>\n<tr style=\"height: 21px;\">\n<td style=\"width: 51.1163%; height: 21px; text-align: center;\">Jankai Zolt\u00e1nn\u00e9<\/td>\n<td style=\"width: 48.7662%; height: 21px; text-align: center;\">tan\u00edt\u00f3<\/td>\n<\/tr>\n<tr style=\"height: 21px;\">\n<td style=\"width: 51.1163%; height: 21px; text-align: center;\">Katona Be\u00e1ta<\/td>\n<td style=\"width: 48.7662%; height: 21px; text-align: center;\">tagint\u00e9zm\u00e9ny &#8211; igazgat\u00f3 helyettes, t\u00f6rt\u00e9nelem, angol nyelv szakos pedag\u00f3gus<\/td>\n<\/tr>\n<tr style=\"height: 21px;\">\n<td style=\"width: 51.1163%; height: 21px; text-align: center;\">Katona D\u00e1niel<\/td>\n<td style=\"width: 48.7662%; height: 21px; text-align: center;\">oszt\u00e1lyf\u0151n\u00f6k (8.b), t\u00f6rt\u00e9nelem, testnevel\u0151 szakos pedag\u00f3gus<\/td>\n<\/tr>\n<tr style=\"height: 21px;\">\n<td style=\"width: 51.1163%; height: 21px; text-align: center;\">Kiss Eszter<\/td>\n<td style=\"width: 48.7662%; height: 21px; text-align: center;\">oszt\u00e1lyf\u0151n\u00f6k (2.a), tan\u00edt\u00f3, fejleszt\u0151 pedag\u00f3gus<\/td>\n<\/tr>\n<tr style=\"height: 21px;\">\n<td style=\"width: 51.1163%; height: 21px; text-align: center;\">Kov\u00e1csn\u00e9 \u00c1kos Anita<\/td>\n<td style=\"width: 48.7662%; height: 21px; text-align: center;\">oszt\u00e1lyf\u0151n\u00f6k (7.b), matematika, n\u00e9met nyelv szakos pedag\u00f3gus<\/td>\n<\/tr>\n<tr style=\"height: 21px;\">\n<td style=\"width: 51.1163%; height: 21px; text-align: center;\">Kozma G\u00e1bor J\u00f3zsef<\/td>\n<td style=\"width: 48.7662%; height: 21px; text-align: center;\">matematika, testnevel\u0151, digit\u00e1lis kult\u00fara szakos pedag\u00f3gus<\/td>\n<\/tr>\n<tr style=\"height: 21px;\">\n<td style=\"width: 51.1163%; height: 21px; text-align: center;\">Kr\u00e1nyecz Ter\u00e9z<\/td>\n<td style=\"width: 48.7662%; height: 21px; text-align: center;\">n\u00e9met nyelv szakos pedag\u00f3gus<\/td>\n<\/tr>\n<tr style=\"height: 21px;\">\n<td style=\"width: 51.1163%; height: 21px; text-align: center;\">L\u00e1szl\u00f3n\u00e9 Kir\u00e1ly T\u00fcnde<\/td>\n<td style=\"width: 48.7662%; height: 21px; text-align: center;\">oszt\u00e1lyf\u0151n\u00f6k (7.a), magyar nyelv \u00e9s irodalom, fejleszt\u0151 pedag\u00f3gus<\/td>\n<\/tr>\n<tr style=\"height: 21px;\">\n<td style=\"width: 51.1163%; height: 21px; text-align: center;\">Lang M\u00e1rk<\/td>\n<td style=\"width: 48.7662%; height: 21px; text-align: center;\">oszt\u00e1lyf\u0151n\u00f6k (6.b), magyar nyelv \u00e9s irodalom, t\u00f6rt\u00e9nelem szakos pedag\u00f3gus<\/td>\n<\/tr>\n<tr style=\"height: 21px;\">\n<td style=\"width: 51.1163%; height: 21px; text-align: center;\">Moln\u00e1r Patrik<\/td>\n<td style=\"width: 48.7662%; height: 21px; text-align: center;\">testnevel\u0151 szakos pedag\u00f3gus<\/td>\n<\/tr>\n<tr style=\"height: 21px;\">\n<td style=\"width: 51.1163%; height: 21px; text-align: center;\">Nagy &#8211; Mesics Zsuzsanna<\/td>\n<td style=\"width: 48.7662%; height: 21px; text-align: center;\">magyar nyelv \u00e9s irodalom szakos pedag\u00f3gus<\/td>\n<\/tr>\n<tr style=\"height: 21px;\">\n<td style=\"width: 51.1163%; height: 21px; text-align: center;\">Nagy &#8211; Szab\u00f3 Krisztina<\/td>\n<td style=\"width: 48.7662%; height: 21px; text-align: center;\">oszt\u00e1lyf\u0151n\u00f6k (5.b), n\u00e9met nyelv szakos pedag\u00f3gus<\/td>\n<\/tr>\n<tr style=\"height: 21px;\">\n<td style=\"width: 51.1163%; height: 21px; text-align: center;\">Offnern\u00e9 Hadrik T\u00edmea<\/td>\n<td style=\"width: 48.7662%; height: 21px; text-align: center;\">magyar nyelv \u00e9s irodalom, \u00e9nek &#8211; zene szakos pedag\u00f3gus<\/td>\n<\/tr>\n<tr style=\"height: 21px;\">\n<td style=\"width: 51.1163%; height: 21px; text-align: center;\">Papetti Dalma<\/td>\n<td style=\"width: 48.7662%; height: 21px; text-align: center;\">tan\u00edt\u00f3<\/td>\n<\/tr>\n<tr style=\"height: 21px;\">\n<td style=\"width: 51.1163%; height: 21px; text-align: center;\">Pappn\u00e9 Rest\u00e1s Csilla<\/td>\n<td style=\"width: 48.7662%; height: 21px; text-align: center;\">testnevel\u0151 szakos pedag\u00f3gus<\/td>\n<\/tr>\n<tr style=\"height: 21px;\">\n<td style=\"width: 51.1163%; height: 21px; text-align: center;\">Poszavecz &#8211; Heged\u0171s Katalin<\/td>\n<td style=\"width: 48.7662%; height: 21px; text-align: center;\">napk\u00f6zis nevel\u0151, CS\u00c9N, tan\u00edt\u00f3<\/td>\n<\/tr>\n<tr style=\"height: 21px;\">\n<td style=\"width: 51.1163%; height: 21px; text-align: center;\">Soh\u00e1r Attila<\/td>\n<td style=\"width: 48.7662%; height: 21px; text-align: center;\">fizika, matematika szakos pedag\u00f3gus<\/td>\n<\/tr>\n<tr style=\"height: 21px;\">\n<td style=\"width: 51.1163%; height: 21px; text-align: center;\">So\u00f3sn\u00e9 Megyeri \u00c1gnes<\/td>\n<td style=\"width: 48.7662%; height: 21px; text-align: center;\">tan\u00edt\u00f3<\/td>\n<\/tr>\n<tr style=\"height: 21px;\">\n<td style=\"width: 51.1163%; height: 21px; text-align: center;\">So\u00f3sn\u00e9 Vigh Klaudia<\/td>\n<td style=\"width: 48.7662%; height: 21px; text-align: center;\">oszt\u00e1lyf\u0151n\u00f6k (1.a), tan\u00edt\u00f3<\/td>\n<\/tr>\n<tr style=\"height: 21px;\">\n<td style=\"width: 51.1163%; height: 21px; text-align: center;\">T\u00f3th Zsuszanna<\/td>\n<td style=\"width: 48.7662%; height: 21px; text-align: center;\">oszt\u00e1lyf\u0151n\u00f6k (5.a), angol nyelv szakos pedag\u00f3gus<\/td>\n<\/tr>\n<tr style=\"height: 21px;\">\n<td style=\"width: 51.1163%; height: 21px; text-align: center;\">Tonweber \u00c1gnes\u00a0<\/td>\n<td style=\"width: 48.7662%; height: 21px; text-align: center;\">matematika, hittan szakos pedag\u00f3gus<\/td>\n<\/tr>\n<tr style=\"height: 21px;\">\n<td style=\"width: 51.1163%; height: 21px; text-align: center;\">V\u00e9gv\u00e1ri Bogl\u00e1rka<\/td>\n<td style=\"width: 48.7662%; height: 21px; text-align: center;\">tan\u00edt\u00f3<\/td>\n<\/tr>\n<tr style=\"height: 21px;\">\n<td style=\"width: 51.1163%; height: 21px; text-align: center;\">\u00a0<\/td>\n<td style=\"width: 48.7662%; height: 21px;\">\u00a0<\/td>\n<\/tr>\n<tr style=\"height: 21px;\">\n<td style=\"width: 51.1163%; height: 21px; text-align: center;\">Vir\u00e1gn\u00e9 Farkas Judit<\/td>\n<td style=\"width: 48.7662%; height: 21px; text-align: center;\">k\u00f6nyvt\u00e1ros<\/td>\n<\/tr>\n<tr style=\"height: 21px;\">\n<td style=\"width: 51.1163%; height: 21px; text-align: center;\">Keszthelyi Erika<\/td>\n<td style=\"width: 48.7662%; height: 21px; text-align: center;\">gazdas\u00e1gi titk\u00e1r<\/td>\n<\/tr>\n<tr style=\"height: 21px;\">\n<td style=\"width: 51.1163%; height: 21px; text-align: center;\">Kert\u00e9sz Eszter<\/td>\n<td style=\"width: 48.7662%; height: 21px; text-align: center;\">pedag\u00f3giai asszisztens<\/td>\n<\/tr>\n<tr style=\"height: 21px;\">\n<td style=\"width: 51.1163%; height: 21px;\">\u00a0<\/td>\n<td style=\"width: 48.7662%; height: 21px;\">\u00a0<\/td>\n<\/tr>\n<tr style=\"height: 21px;\">\n<td style=\"width: 51.1163%; height: 21px; text-align: center;\">K\u00e1ldi L\u00e1szl\u00f3<\/td>\n<td style=\"width: 48.7662%; height: 21px; text-align: center;\">karbantart\u00f3<\/td>\n<\/tr>\n<tr style=\"height: 21px;\">\n<td style=\"width: 51.1163%; height: 21px; text-align: center;\">Vour\u00e1n\u00e9 Holecz Edit<\/td>\n<td style=\"width: 48.7662%; height: 21px; text-align: center;\">takar\u00edt\u00f3<\/td>\n<\/tr>\n<tr style=\"height: 21px;\">\n<td style=\"width: 51.1163%; height: 21px; text-align: center;\">Gy\u0151rfi Henrik<\/td>\n<td style=\"width: 48.7662%; height: 21px; text-align: center;\">takar\u00edt\u00f3<\/td>\n<\/tr>\n<tr style=\"height: 21px;\">\n<td style=\"width: 51.1163%; height: 21px; text-align: center;\">Gy\u0151rfi Melinda<\/td>\n<td style=\"width: 48.7662%; height: 21px; text-align: center;\">takar\u00edt\u00f3<\/td>\n<\/tr>\n<tr style=\"height: 21px;\">\n<td style=\"width: 51.1163%; height: 21px; text-align: center;\">Eggendorfer Edina<\/td>\n<td style=\"width: 48.7662%; height: 21px; text-align: center;\">takar\u00edt\u00f3<\/td>\n<\/tr>\n<tr style=\"height: 21px;\">\n<td style=\"width: 51.1163%; height: 21px;\">\u00a0<\/td>\n<td style=\"width: 48.7662%; height: 21px;\">\u00a0<\/td>\n<\/tr>\n<tr style=\"height: 21px;\">\n<td style=\"width: 51.1163%; height: 21px;\">\u00a0<\/td>\n<td style=\"width: 48.7662%; height: 21px;\">\u00a0<\/td>\n<\/tr>\n<tr style=\"height: 21px;\">\n<td style=\"width: 51.1163%; height: 21px;\">\u00a0<\/td>\n<td style=\"width: 48.7662%; height: 21px;\">\u00a0<\/td>\n<\/tr>\n<tr style=\"height: 21px;\">\n<td style=\"width: 51.1163%; height: 21px;\">\u00a0<\/td>\n<td style=\"width: 48.7662%; height: 21px;\">\u00a0<\/td>\n<\/tr>\n<\/tbody>\n<\/table>\n<p>&nbsp;<\/p>\n<p>&nbsp;<\/p>\n","protected":false},"excerpt":{"rendered":"<p>Anek Janka gy\u00f3gypedag\u00f3gus B\u00e1gern\u00e9 Kov\u00e1cs Eszter oszt\u00e1lyf\u0151n\u00f6k (4.a), tan\u00edt\u00f3, fejleszt\u0151pedag\u00f3gus Br\u00fcckner Bogl\u00e1rka oszt\u00e1lyf\u0151n\u00f6k (3.a), tan\u00edt\u00f3 Csuk Hajnalka tagint\u00e9zm\u00e9ny &#8211; igazgat\u00f3, n\u00e9met nyelv, matematika szakos pedag\u00f3gus Doncseczn\u00e9 Verh\u00e1s Katalin oszt\u00e1lyf\u0151n\u00f6k (6.a), matematika, digit\u00e1lis kult\u00fara szakos pedag\u00f3gus Gallai &#8211; N\u00e9meth Barbara gy\u00f3gypedag\u00f3gus Gomb\u00e1sn\u00e9 B\u00e1nfi Andrea f\u00f6ldrajz, rajz, biol\u00f3gia szakos pedag\u00f3gus Gyuk Bendeg\u00faz testnevel\u00e9s, hittan szakos pedag\u00f3gus Hargitain\u00e9 [&hellip;]<\/p>\n","protected":false},"author":7,"featured_media":0,"parent":0,"menu_order":0,"comment_status":"closed","ping_status":"closed","template":"","meta":{"_exactmetrics_skip_tracking":false,"_exactmetrics_sitenote_active":false,"_exactmetrics_sitenote_note":"","_exactmetrics_sitenote_category":0,"footnotes":""},"class_list":["post-8925","page","type-page","status-publish","hentry"],"yoast_head":"<!-- This site is optimized with the Yoast SEO plugin v26.7 - https:\/\/yoast.com\/wordpress\/plugins\/seo\/ -->\n<title>Dolgoz\u00f3ink 2025\/2026 - Szent Gotth\u00e1rd \u00c1ltal\u00e1nos Iskola<\/title>\n<meta name=\"robots\" content=\"index, follow, max-snippet:-1, max-image-preview:large, max-video-preview:-1\" \/>\n<link rel=\"canonical\" href=\"https:\/\/sztgotthard-altisk.hu\/?page_id=8925\" \/>\n<meta property=\"og:locale\" content=\"hu_HU\" \/>\n<meta property=\"og:type\" content=\"article\" \/>\n<meta property=\"og:title\" content=\"Dolgoz\u00f3ink 2025\/2026 - Szent Gotth\u00e1rd \u00c1ltal\u00e1nos Iskola\" \/>\n<meta property=\"og:description\" content=\"Anek Janka gy\u00f3gypedag\u00f3gus B\u00e1gern\u00e9 Kov\u00e1cs Eszter oszt\u00e1lyf\u0151n\u00f6k (4.a), tan\u00edt\u00f3, fejleszt\u0151pedag\u00f3gus Br\u00fcckner Bogl\u00e1rka oszt\u00e1lyf\u0151n\u00f6k (3.a), tan\u00edt\u00f3 Csuk Hajnalka tagint\u00e9zm\u00e9ny &#8211; igazgat\u00f3, n\u00e9met nyelv, matematika szakos pedag\u00f3gus Doncseczn\u00e9 Verh\u00e1s Katalin oszt\u00e1lyf\u0151n\u00f6k (6.a), matematika, digit\u00e1lis kult\u00fara szakos pedag\u00f3gus Gallai &#8211; N\u00e9meth Barbara gy\u00f3gypedag\u00f3gus Gomb\u00e1sn\u00e9 B\u00e1nfi Andrea f\u00f6ldrajz, rajz, biol\u00f3gia szakos pedag\u00f3gus Gyuk Bendeg\u00faz testnevel\u00e9s, hittan szakos pedag\u00f3gus Hargitain\u00e9 [&hellip;]\" \/>\n<meta property=\"og:url\" content=\"https:\/\/sztgotthard-altisk.hu\/?page_id=8925\" \/>\n<meta property=\"og:site_name\" content=\"Szent Gotth\u00e1rd \u00c1ltal\u00e1nos Iskola\" \/>\n<meta property=\"article:modified_time\" content=\"2025-10-01T11:55:53+00:00\" \/>\n<meta name=\"twitter:card\" content=\"summary_large_image\" \/>\n<meta name=\"twitter:label1\" content=\"Becs\u00fclt olvas\u00e1si id\u0151\" \/>\n\t<meta name=\"twitter:data1\" content=\"2 perc\" \/>\n<script type=\"application\/ld+json\" class=\"yoast-schema-graph\">{\"@context\":\"https:\/\/schema.org\",\"@graph\":[{\"@type\":\"WebPage\",\"@id\":\"https:\/\/sztgotthard-altisk.hu\/?page_id=8925\",\"url\":\"https:\/\/sztgotthard-altisk.hu\/?page_id=8925\",\"name\":\"Dolgoz\u00f3ink 2025\/2026 - Szent Gotth\u00e1rd \u00c1ltal\u00e1nos Iskola\",\"isPartOf\":{\"@id\":\"https:\/\/sztgotthard-altisk.hu\/#website\"},\"datePublished\":\"2024-09-12T12:10:59+00:00\",\"dateModified\":\"2025-10-01T11:55:53+00:00\",\"breadcrumb\":{\"@id\":\"https:\/\/sztgotthard-altisk.hu\/?page_id=8925#breadcrumb\"},\"inLanguage\":\"hu\",\"potentialAction\":[{\"@type\":\"ReadAction\",\"target\":[\"https:\/\/sztgotthard-altisk.hu\/?page_id=8925\"]}]},{\"@type\":\"BreadcrumbList\",\"@id\":\"https:\/\/sztgotthard-altisk.hu\/?page_id=8925#breadcrumb\",\"itemListElement\":[{\"@type\":\"ListItem\",\"position\":1,\"name\":\"Kezd\u0151lap\",\"item\":\"https:\/\/sztgotthard-altisk.hu\/\"},{\"@type\":\"ListItem\",\"position\":2,\"name\":\"Dolgoz\u00f3ink 2025\/2026\"}]},{\"@type\":\"WebSite\",\"@id\":\"https:\/\/sztgotthard-altisk.hu\/#website\",\"url\":\"https:\/\/sztgotthard-altisk.hu\/\",\"name\":\"Szent Gotth\u00e1rd \u00c1ltal\u00e1nos Iskola\",\"description\":\"Szent Gotth\u00e1rd \u00c1ltal\u00e1nos Iskola\",\"publisher\":{\"@id\":\"https:\/\/sztgotthard-altisk.hu\/#organization\"},\"potentialAction\":[{\"@type\":\"SearchAction\",\"target\":{\"@type\":\"EntryPoint\",\"urlTemplate\":\"https:\/\/sztgotthard-altisk.hu\/?s={search_term_string}\"},\"query-input\":{\"@type\":\"PropertyValueSpecification\",\"valueRequired\":true,\"valueName\":\"search_term_string\"}}],\"inLanguage\":\"hu\"},{\"@type\":\"Organization\",\"@id\":\"https:\/\/sztgotthard-altisk.hu\/#organization\",\"name\":\"Szent Gell\u00e9rt \u00c1ltal\u00e1nos Iskola\",\"url\":\"https:\/\/sztgotthard-altisk.hu\/\",\"logo\":{\"@type\":\"ImageObject\",\"inLanguage\":\"hu\",\"@id\":\"https:\/\/sztgotthard-altisk.hu\/#\/schema\/logo\/image\/\",\"url\":\"https:\/\/i0.wp.com\/www.sztgotthard-altisk.hu\/wp-content\/uploads\/2022\/01\/sztg_altisk_logo.png?fit=161%2C129&ssl=1\",\"contentUrl\":\"https:\/\/i0.wp.com\/www.sztgotthard-altisk.hu\/wp-content\/uploads\/2022\/01\/sztg_altisk_logo.png?fit=161%2C129&ssl=1\",\"width\":161,\"height\":129,\"caption\":\"Szent Gell\u00e9rt \u00c1ltal\u00e1nos Iskola\"},\"image\":{\"@id\":\"https:\/\/sztgotthard-altisk.hu\/#\/schema\/logo\/image\/\"}}]}<\/script>\n<!-- \/ Yoast SEO plugin. -->","yoast_head_json":{"title":"Dolgoz\u00f3ink 2025\/2026 - Szent Gotth\u00e1rd \u00c1ltal\u00e1nos Iskola","robots":{"index":"index","follow":"follow","max-snippet":"max-snippet:-1","max-image-preview":"max-image-preview:large","max-video-preview":"max-video-preview:-1"},"canonical":"https:\/\/sztgotthard-altisk.hu\/?page_id=8925","og_locale":"hu_HU","og_type":"article","og_title":"Dolgoz\u00f3ink 2025\/2026 - Szent Gotth\u00e1rd \u00c1ltal\u00e1nos Iskola","og_description":"Anek Janka gy\u00f3gypedag\u00f3gus B\u00e1gern\u00e9 Kov\u00e1cs Eszter oszt\u00e1lyf\u0151n\u00f6k (4.a), tan\u00edt\u00f3, fejleszt\u0151pedag\u00f3gus Br\u00fcckner Bogl\u00e1rka oszt\u00e1lyf\u0151n\u00f6k (3.a), tan\u00edt\u00f3 Csuk Hajnalka tagint\u00e9zm\u00e9ny &#8211; igazgat\u00f3, n\u00e9met nyelv, matematika szakos pedag\u00f3gus Doncseczn\u00e9 Verh\u00e1s Katalin oszt\u00e1lyf\u0151n\u00f6k (6.a), matematika, digit\u00e1lis kult\u00fara szakos pedag\u00f3gus Gallai &#8211; N\u00e9meth Barbara gy\u00f3gypedag\u00f3gus Gomb\u00e1sn\u00e9 B\u00e1nfi Andrea f\u00f6ldrajz, rajz, biol\u00f3gia szakos pedag\u00f3gus Gyuk Bendeg\u00faz testnevel\u00e9s, hittan szakos pedag\u00f3gus Hargitain\u00e9 [&hellip;]","og_url":"https:\/\/sztgotthard-altisk.hu\/?page_id=8925","og_site_name":"Szent Gotth\u00e1rd \u00c1ltal\u00e1nos Iskola","article_modified_time":"2025-10-01T11:55:53+00:00","twitter_card":"summary_large_image","twitter_misc":{"Becs\u00fclt olvas\u00e1si id\u0151":"2 perc"},"schema":{"@context":"https:\/\/schema.org","@graph":[{"@type":"WebPage","@id":"https:\/\/sztgotthard-altisk.hu\/?page_id=8925","url":"https:\/\/sztgotthard-altisk.hu\/?page_id=8925","name":"Dolgoz\u00f3ink 2025\/2026 - Szent Gotth\u00e1rd \u00c1ltal\u00e1nos Iskola","isPartOf":{"@id":"https:\/\/sztgotthard-altisk.hu\/#website"},"datePublished":"2024-09-12T12:10:59+00:00","dateModified":"2025-10-01T11:55:53+00:00","breadcrumb":{"@id":"https:\/\/sztgotthard-altisk.hu\/?page_id=8925#breadcrumb"},"inLanguage":"hu","potentialAction":[{"@type":"ReadAction","target":["https:\/\/sztgotthard-altisk.hu\/?page_id=8925"]}]},{"@type":"BreadcrumbList","@id":"https:\/\/sztgotthard-altisk.hu\/?page_id=8925#breadcrumb","itemListElement":[{"@type":"ListItem","position":1,"name":"Kezd\u0151lap","item":"https:\/\/sztgotthard-altisk.hu\/"},{"@type":"ListItem","position":2,"name":"Dolgoz\u00f3ink 2025\/2026"}]},{"@type":"WebSite","@id":"https:\/\/sztgotthard-altisk.hu\/#website","url":"https:\/\/sztgotthard-altisk.hu\/","name":"Szent Gotth\u00e1rd \u00c1ltal\u00e1nos Iskola","description":"Szent Gotth\u00e1rd \u00c1ltal\u00e1nos Iskola","publisher":{"@id":"https:\/\/sztgotthard-altisk.hu\/#organization"},"potentialAction":[{"@type":"SearchAction","target":{"@type":"EntryPoint","urlTemplate":"https:\/\/sztgotthard-altisk.hu\/?s={search_term_string}"},"query-input":{"@type":"PropertyValueSpecification","valueRequired":true,"valueName":"search_term_string"}}],"inLanguage":"hu"},{"@type":"Organization","@id":"https:\/\/sztgotthard-altisk.hu\/#organization","name":"Szent Gell\u00e9rt \u00c1ltal\u00e1nos Iskola","url":"https:\/\/sztgotthard-altisk.hu\/","logo":{"@type":"ImageObject","inLanguage":"hu","@id":"https:\/\/sztgotthard-altisk.hu\/#\/schema\/logo\/image\/","url":"https:\/\/i0.wp.com\/www.sztgotthard-altisk.hu\/wp-content\/uploads\/2022\/01\/sztg_altisk_logo.png?fit=161%2C129&ssl=1","contentUrl":"https:\/\/i0.wp.com\/www.sztgotthard-altisk.hu\/wp-content\/uploads\/2022\/01\/sztg_altisk_logo.png?fit=161%2C129&ssl=1","width":161,"height":129,"caption":"Szent Gell\u00e9rt \u00c1ltal\u00e1nos Iskola"},"image":{"@id":"https:\/\/sztgotthard-altisk.hu\/#\/schema\/logo\/image\/"}}]}},"jetpack_shortlink":"https:\/\/wp.me\/P9tyQr-2jX","jetpack_sharing_enabled":true,"_links":{"self":[{"href":"https:\/\/sztgotthard-altisk.hu\/index.php?rest_route=\/wp\/v2\/pages\/8925","targetHints":{"allow":["GET"]}}],"collection":[{"href":"https:\/\/sztgotthard-altisk.hu\/index.php?rest_route=\/wp\/v2\/pages"}],"about":[{"href":"https:\/\/sztgotthard-altisk.hu\/index.php?rest_route=\/wp\/v2\/types\/page"}],"author":[{"embeddable":true,"href":"https:\/\/sztgotthard-altisk.hu\/index.php?rest_route=\/wp\/v2\/users\/7"}],"replies":[{"embeddable":true,"href":"https:\/\/sztgotthard-altisk.hu\/index.php?rest_route=%2Fwp%2Fv2%2Fcomments&post=8925"}],"version-history":[{"count":12,"href":"https:\/\/sztgotthard-altisk.hu\/index.php?rest_route=\/wp\/v2\/pages\/8925\/revisions"}],"predecessor-version":[{"id":10040,"href":"https:\/\/sztgotthard-altisk.hu\/index.php?rest_route=\/wp\/v2\/pages\/8925\/revisions\/10040"}],"wp:attachment":[{"href":"https:\/\/sztgotthard-altisk.hu\/index.php?rest_route=%2Fwp%2Fv2%2Fmedia&parent=8925"}],"curies":[{"name":"wp","href":"https:\/\/api.w.org\/{rel}","templated":true}]}}