{"id":53,"date":"2015-09-04T06:27:38","date_gmt":"2015-09-04T06:27:38","guid":{"rendered":"http:\/\/szia-sztg.sulinet.hu\/?page_id=53"},"modified":"2015-11-13T10:21:20","modified_gmt":"2015-11-13T08:21:20","slug":"alapitvany","status":"publish","type":"page","link":"https:\/\/sztgotthard-altisk.hu\/?page_id=53","title":{"rendered":"Alap\u00edtv\u00e1ny"},"content":{"rendered":"<p><a href=\"https:\/\/i0.wp.com\/www.sztgotthard-altisk.hu\/wp-content\/uploads\/2015\/09\/alapitvanyi_kirandulas.jpg\"><img data-recalc-dims=\"1\" fetchpriority=\"high\" decoding=\"async\" class=\"alignnone size-full wp-image-137\" src=\"https:\/\/i0.wp.com\/www.sztgotthard-altisk.hu\/wp-content\/uploads\/2015\/09\/alapitvanyi_kirandulas.jpg?resize=1140%2C208\" alt=\"alapitvanyi_kirandulas\" width=\"1140\" height=\"208\" srcset=\"https:\/\/i0.wp.com\/sztgotthard-altisk.hu\/wp-content\/uploads\/2015\/09\/alapitvanyi_kirandulas.jpg?w=1920&amp;ssl=1 1920w, https:\/\/i0.wp.com\/sztgotthard-altisk.hu\/wp-content\/uploads\/2015\/09\/alapitvanyi_kirandulas.jpg?resize=300%2C55&amp;ssl=1 300w, https:\/\/i0.wp.com\/sztgotthard-altisk.hu\/wp-content\/uploads\/2015\/09\/alapitvanyi_kirandulas.jpg?resize=1024%2C187&amp;ssl=1 1024w\" sizes=\"(max-width: 1140px) 100vw, 1140px\" \/><\/a><\/p>\n<p>Tehets\u00e9gek\u00e9rt Alap\u00edtv\u00e1ny<\/p>\n<p style=\"text-align: justify;\">Iskol\u00e1nk 1992 \u00f3ta m\u0171k\u00f6d\u0151 alap\u00edtv\u00e1ny\u00e1nak c\u00e9lja a tanulm\u00e1nyi \u00e9s sportversenyeken kiemelked\u0151 teljes\u00edtm\u00e9nyt ny\u00fajt\u00f3 tanul\u00f3k t\u00e1mogat\u00e1sa. Hozz\u00e1j\u00e1rul az iskola \u00e1ltal szervezett versenyek, t\u00e1borok k\u00f6lts\u00e9geihez, kir\u00e1ndul\u00e1ssal jutalmazza a kit\u0171n\u0151 tanulm\u00e1nyi eredm\u00e9nyeket.<\/p>\n<p><strong>Alap\u00edtv\u00e1nyunk ad\u00f3sz\u00e1ma<\/strong>: 18880292-1-18<br \/>\n<strong>Sz\u00e1mlasz\u00e1m<\/strong>: 11632005-04946400-32000008<\/p>\n<p>K\u00f6sz\u00f6nettel vessz\u00fck, ha alap\u00edtv\u00e1nyunk c\u00e9ljaink el\u00e9r\u00e9s\u00e9t felaj\u00e1nl\u00e1s\u00e1val t\u00e1mogatja!<\/p>\n","protected":false},"excerpt":{"rendered":"<p>Tehets\u00e9gek\u00e9rt Alap\u00edtv\u00e1ny Iskol\u00e1nk 1992 \u00f3ta m\u0171k\u00f6d\u0151 alap\u00edtv\u00e1ny\u00e1nak c\u00e9lja a tanulm\u00e1nyi \u00e9s sportversenyeken kiemelked\u0151 teljes\u00edtm\u00e9nyt ny\u00fajt\u00f3 tanul\u00f3k t\u00e1mogat\u00e1sa. Hozz\u00e1j\u00e1rul az iskola \u00e1ltal szervezett versenyek, t\u00e1borok k\u00f6lts\u00e9geihez, kir\u00e1ndul\u00e1ssal jutalmazza a kit\u0171n\u0151 tanulm\u00e1nyi eredm\u00e9nyeket. Alap\u00edtv\u00e1nyunk ad\u00f3sz\u00e1ma: 18880292-1-18 Sz\u00e1mlasz\u00e1m: 11632005-04946400-32000008 K\u00f6sz\u00f6nettel vessz\u00fck, ha alap\u00edtv\u00e1nyunk c\u00e9ljaink el\u00e9r\u00e9s\u00e9t felaj\u00e1nl\u00e1s\u00e1val t\u00e1mogatja!<\/p>\n","protected":false},"author":4,"featured_media":0,"parent":0,"menu_order":0,"comment_status":"closed","ping_status":"closed","template":"","meta":{"_exactmetrics_skip_tracking":false,"_exactmetrics_sitenote_active":false,"_exactmetrics_sitenote_note":"","_exactmetrics_sitenote_category":0,"footnotes":""},"class_list":["post-53","page","type-page","status-publish","hentry"],"yoast_head":"<!-- This site is optimized with the Yoast SEO plugin v26.7 - https:\/\/yoast.com\/wordpress\/plugins\/seo\/ -->\n<title>Alap\u00edtv\u00e1ny - Szent Gotth\u00e1rd \u00c1ltal\u00e1nos Iskola<\/title>\n<meta name=\"robots\" content=\"index, follow, max-snippet:-1, max-image-preview:large, max-video-preview:-1\" \/>\n<link rel=\"canonical\" href=\"https:\/\/sztgotthard-altisk.hu\/?page_id=53\" \/>\n<meta property=\"og:locale\" content=\"hu_HU\" \/>\n<meta property=\"og:type\" content=\"article\" \/>\n<meta property=\"og:title\" content=\"Alap\u00edtv\u00e1ny - Szent Gotth\u00e1rd \u00c1ltal\u00e1nos Iskola\" \/>\n<meta property=\"og:description\" content=\"Tehets\u00e9gek\u00e9rt Alap\u00edtv\u00e1ny Iskol\u00e1nk 1992 \u00f3ta m\u0171k\u00f6d\u0151 alap\u00edtv\u00e1ny\u00e1nak c\u00e9lja a tanulm\u00e1nyi \u00e9s sportversenyeken kiemelked\u0151 teljes\u00edtm\u00e9nyt ny\u00fajt\u00f3 tanul\u00f3k t\u00e1mogat\u00e1sa. Hozz\u00e1j\u00e1rul az iskola \u00e1ltal szervezett versenyek, t\u00e1borok k\u00f6lts\u00e9geihez, kir\u00e1ndul\u00e1ssal jutalmazza a kit\u0171n\u0151 tanulm\u00e1nyi eredm\u00e9nyeket. Alap\u00edtv\u00e1nyunk ad\u00f3sz\u00e1ma: 18880292-1-18 Sz\u00e1mlasz\u00e1m: 11632005-04946400-32000008 K\u00f6sz\u00f6nettel vessz\u00fck, ha alap\u00edtv\u00e1nyunk c\u00e9ljaink el\u00e9r\u00e9s\u00e9t felaj\u00e1nl\u00e1s\u00e1val t\u00e1mogatja!\" \/>\n<meta property=\"og:url\" content=\"https:\/\/sztgotthard-altisk.hu\/?page_id=53\" \/>\n<meta property=\"og:site_name\" content=\"Szent Gotth\u00e1rd \u00c1ltal\u00e1nos Iskola\" \/>\n<meta property=\"article:modified_time\" content=\"2015-11-13T08:21:20+00:00\" \/>\n<meta property=\"og:image\" content=\"http:\/\/www.sztgotthard-altisk.hu\/wp-content\/uploads\/2015\/09\/alapitvanyi_kirandulas.jpg\" \/>\n<meta name=\"twitter:card\" content=\"summary_large_image\" \/>\n<script type=\"application\/ld+json\" class=\"yoast-schema-graph\">{\"@context\":\"https:\/\/schema.org\",\"@graph\":[{\"@type\":\"WebPage\",\"@id\":\"https:\/\/sztgotthard-altisk.hu\/?page_id=53\",\"url\":\"https:\/\/sztgotthard-altisk.hu\/?page_id=53\",\"name\":\"Alap\u00edtv\u00e1ny - Szent Gotth\u00e1rd \u00c1ltal\u00e1nos Iskola\",\"isPartOf\":{\"@id\":\"https:\/\/sztgotthard-altisk.hu\/#website\"},\"primaryImageOfPage\":{\"@id\":\"https:\/\/sztgotthard-altisk.hu\/?page_id=53#primaryimage\"},\"image\":{\"@id\":\"https:\/\/sztgotthard-altisk.hu\/?page_id=53#primaryimage\"},\"thumbnailUrl\":\"http:\/\/www.sztgotthard-altisk.hu\/wp-content\/uploads\/2015\/09\/alapitvanyi_kirandulas.jpg\",\"datePublished\":\"2015-09-04T06:27:38+00:00\",\"dateModified\":\"2015-11-13T08:21:20+00:00\",\"breadcrumb\":{\"@id\":\"https:\/\/sztgotthard-altisk.hu\/?page_id=53#breadcrumb\"},\"inLanguage\":\"hu\",\"potentialAction\":[{\"@type\":\"ReadAction\",\"target\":[\"https:\/\/sztgotthard-altisk.hu\/?page_id=53\"]}]},{\"@type\":\"ImageObject\",\"inLanguage\":\"hu\",\"@id\":\"https:\/\/sztgotthard-altisk.hu\/?page_id=53#primaryimage\",\"url\":\"http:\/\/www.sztgotthard-altisk.hu\/wp-content\/uploads\/2015\/09\/alapitvanyi_kirandulas.jpg\",\"contentUrl\":\"http:\/\/www.sztgotthard-altisk.hu\/wp-content\/uploads\/2015\/09\/alapitvanyi_kirandulas.jpg\"},{\"@type\":\"BreadcrumbList\",\"@id\":\"https:\/\/sztgotthard-altisk.hu\/?page_id=53#breadcrumb\",\"itemListElement\":[{\"@type\":\"ListItem\",\"position\":1,\"name\":\"Kezd\u0151lap\",\"item\":\"https:\/\/sztgotthard-altisk.hu\/\"},{\"@type\":\"ListItem\",\"position\":2,\"name\":\"Alap\u00edtv\u00e1ny\"}]},{\"@type\":\"WebSite\",\"@id\":\"https:\/\/sztgotthard-altisk.hu\/#website\",\"url\":\"https:\/\/sztgotthard-altisk.hu\/\",\"name\":\"Szent Gotth\u00e1rd \u00c1ltal\u00e1nos Iskola\",\"description\":\"Szent Gotth\u00e1rd \u00c1ltal\u00e1nos Iskola\",\"publisher\":{\"@id\":\"https:\/\/sztgotthard-altisk.hu\/#organization\"},\"potentialAction\":[{\"@type\":\"SearchAction\",\"target\":{\"@type\":\"EntryPoint\",\"urlTemplate\":\"https:\/\/sztgotthard-altisk.hu\/?s={search_term_string}\"},\"query-input\":{\"@type\":\"PropertyValueSpecification\",\"valueRequired\":true,\"valueName\":\"search_term_string\"}}],\"inLanguage\":\"hu\"},{\"@type\":\"Organization\",\"@id\":\"https:\/\/sztgotthard-altisk.hu\/#organization\",\"name\":\"Szent Gell\u00e9rt \u00c1ltal\u00e1nos Iskola\",\"url\":\"https:\/\/sztgotthard-altisk.hu\/\",\"logo\":{\"@type\":\"ImageObject\",\"inLanguage\":\"hu\",\"@id\":\"https:\/\/sztgotthard-altisk.hu\/#\/schema\/logo\/image\/\",\"url\":\"https:\/\/i0.wp.com\/www.sztgotthard-altisk.hu\/wp-content\/uploads\/2022\/01\/sztg_altisk_logo.png?fit=161%2C129&ssl=1\",\"contentUrl\":\"https:\/\/i0.wp.com\/www.sztgotthard-altisk.hu\/wp-content\/uploads\/2022\/01\/sztg_altisk_logo.png?fit=161%2C129&ssl=1\",\"width\":161,\"height\":129,\"caption\":\"Szent Gell\u00e9rt \u00c1ltal\u00e1nos Iskola\"},\"image\":{\"@id\":\"https:\/\/sztgotthard-altisk.hu\/#\/schema\/logo\/image\/\"}}]}<\/script>\n<!-- \/ Yoast SEO plugin. -->","yoast_head_json":{"title":"Alap\u00edtv\u00e1ny - Szent Gotth\u00e1rd \u00c1ltal\u00e1nos Iskola","robots":{"index":"index","follow":"follow","max-snippet":"max-snippet:-1","max-image-preview":"max-image-preview:large","max-video-preview":"max-video-preview:-1"},"canonical":"https:\/\/sztgotthard-altisk.hu\/?page_id=53","og_locale":"hu_HU","og_type":"article","og_title":"Alap\u00edtv\u00e1ny - Szent Gotth\u00e1rd \u00c1ltal\u00e1nos Iskola","og_description":"Tehets\u00e9gek\u00e9rt Alap\u00edtv\u00e1ny Iskol\u00e1nk 1992 \u00f3ta m\u0171k\u00f6d\u0151 alap\u00edtv\u00e1ny\u00e1nak c\u00e9lja a tanulm\u00e1nyi \u00e9s sportversenyeken kiemelked\u0151 teljes\u00edtm\u00e9nyt ny\u00fajt\u00f3 tanul\u00f3k t\u00e1mogat\u00e1sa. Hozz\u00e1j\u00e1rul az iskola \u00e1ltal szervezett versenyek, t\u00e1borok k\u00f6lts\u00e9geihez, kir\u00e1ndul\u00e1ssal jutalmazza a kit\u0171n\u0151 tanulm\u00e1nyi eredm\u00e9nyeket. Alap\u00edtv\u00e1nyunk ad\u00f3sz\u00e1ma: 18880292-1-18 Sz\u00e1mlasz\u00e1m: 11632005-04946400-32000008 K\u00f6sz\u00f6nettel vessz\u00fck, ha alap\u00edtv\u00e1nyunk c\u00e9ljaink el\u00e9r\u00e9s\u00e9t felaj\u00e1nl\u00e1s\u00e1val t\u00e1mogatja!","og_url":"https:\/\/sztgotthard-altisk.hu\/?page_id=53","og_site_name":"Szent Gotth\u00e1rd \u00c1ltal\u00e1nos Iskola","article_modified_time":"2015-11-13T08:21:20+00:00","og_image":[{"url":"http:\/\/www.sztgotthard-altisk.hu\/wp-content\/uploads\/2015\/09\/alapitvanyi_kirandulas.jpg","type":"","width":"","height":""}],"twitter_card":"summary_large_image","schema":{"@context":"https:\/\/schema.org","@graph":[{"@type":"WebPage","@id":"https:\/\/sztgotthard-altisk.hu\/?page_id=53","url":"https:\/\/sztgotthard-altisk.hu\/?page_id=53","name":"Alap\u00edtv\u00e1ny - Szent Gotth\u00e1rd \u00c1ltal\u00e1nos Iskola","isPartOf":{"@id":"https:\/\/sztgotthard-altisk.hu\/#website"},"primaryImageOfPage":{"@id":"https:\/\/sztgotthard-altisk.hu\/?page_id=53#primaryimage"},"image":{"@id":"https:\/\/sztgotthard-altisk.hu\/?page_id=53#primaryimage"},"thumbnailUrl":"http:\/\/www.sztgotthard-altisk.hu\/wp-content\/uploads\/2015\/09\/alapitvanyi_kirandulas.jpg","datePublished":"2015-09-04T06:27:38+00:00","dateModified":"2015-11-13T08:21:20+00:00","breadcrumb":{"@id":"https:\/\/sztgotthard-altisk.hu\/?page_id=53#breadcrumb"},"inLanguage":"hu","potentialAction":[{"@type":"ReadAction","target":["https:\/\/sztgotthard-altisk.hu\/?page_id=53"]}]},{"@type":"ImageObject","inLanguage":"hu","@id":"https:\/\/sztgotthard-altisk.hu\/?page_id=53#primaryimage","url":"http:\/\/www.sztgotthard-altisk.hu\/wp-content\/uploads\/2015\/09\/alapitvanyi_kirandulas.jpg","contentUrl":"http:\/\/www.sztgotthard-altisk.hu\/wp-content\/uploads\/2015\/09\/alapitvanyi_kirandulas.jpg"},{"@type":"BreadcrumbList","@id":"https:\/\/sztgotthard-altisk.hu\/?page_id=53#breadcrumb","itemListElement":[{"@type":"ListItem","position":1,"name":"Kezd\u0151lap","item":"https:\/\/sztgotthard-altisk.hu\/"},{"@type":"ListItem","position":2,"name":"Alap\u00edtv\u00e1ny"}]},{"@type":"WebSite","@id":"https:\/\/sztgotthard-altisk.hu\/#website","url":"https:\/\/sztgotthard-altisk.hu\/","name":"Szent Gotth\u00e1rd \u00c1ltal\u00e1nos Iskola","description":"Szent Gotth\u00e1rd \u00c1ltal\u00e1nos Iskola","publisher":{"@id":"https:\/\/sztgotthard-altisk.hu\/#organization"},"potentialAction":[{"@type":"SearchAction","target":{"@type":"EntryPoint","urlTemplate":"https:\/\/sztgotthard-altisk.hu\/?s={search_term_string}"},"query-input":{"@type":"PropertyValueSpecification","valueRequired":true,"valueName":"search_term_string"}}],"inLanguage":"hu"},{"@type":"Organization","@id":"https:\/\/sztgotthard-altisk.hu\/#organization","name":"Szent Gell\u00e9rt \u00c1ltal\u00e1nos Iskola","url":"https:\/\/sztgotthard-altisk.hu\/","logo":{"@type":"ImageObject","inLanguage":"hu","@id":"https:\/\/sztgotthard-altisk.hu\/#\/schema\/logo\/image\/","url":"https:\/\/i0.wp.com\/www.sztgotthard-altisk.hu\/wp-content\/uploads\/2022\/01\/sztg_altisk_logo.png?fit=161%2C129&ssl=1","contentUrl":"https:\/\/i0.wp.com\/www.sztgotthard-altisk.hu\/wp-content\/uploads\/2022\/01\/sztg_altisk_logo.png?fit=161%2C129&ssl=1","width":161,"height":129,"caption":"Szent Gell\u00e9rt \u00c1ltal\u00e1nos Iskola"},"image":{"@id":"https:\/\/sztgotthard-altisk.hu\/#\/schema\/logo\/image\/"}}]}},"jetpack_shortlink":"https:\/\/wp.me\/P9tyQr-R","jetpack_sharing_enabled":true,"_links":{"self":[{"href":"https:\/\/sztgotthard-altisk.hu\/index.php?rest_route=\/wp\/v2\/pages\/53","targetHints":{"allow":["GET"]}}],"collection":[{"href":"https:\/\/sztgotthard-altisk.hu\/index.php?rest_route=\/wp\/v2\/pages"}],"about":[{"href":"https:\/\/sztgotthard-altisk.hu\/index.php?rest_route=\/wp\/v2\/types\/page"}],"author":[{"embeddable":true,"href":"https:\/\/sztgotthard-altisk.hu\/index.php?rest_route=\/wp\/v2\/users\/4"}],"replies":[{"embeddable":true,"href":"https:\/\/sztgotthard-altisk.hu\/index.php?rest_route=%2Fwp%2Fv2%2Fcomments&post=53"}],"version-history":[{"count":5,"href":"https:\/\/sztgotthard-altisk.hu\/index.php?rest_route=\/wp\/v2\/pages\/53\/revisions"}],"predecessor-version":[{"id":251,"href":"https:\/\/sztgotthard-altisk.hu\/index.php?rest_route=\/wp\/v2\/pages\/53\/revisions\/251"}],"wp:attachment":[{"href":"https:\/\/sztgotthard-altisk.hu\/index.php?rest_route=%2Fwp%2Fv2%2Fmedia&parent=53"}],"curies":[{"name":"wp","href":"https:\/\/api.w.org\/{rel}","templated":true}]}}