{"id":48,"date":"2015-09-04T06:14:39","date_gmt":"2015-09-04T06:14:39","guid":{"rendered":"http:\/\/szia-sztg.sulinet.hu\/?page_id=48"},"modified":"2025-02-11T10:47:54","modified_gmt":"2025-02-11T09:47:54","slug":"letoltheto-dokumentumok","status":"publish","type":"page","link":"https:\/\/sztgotthard-altisk.hu\/?page_id=48","title":{"rendered":"Let\u00f6lthet\u0151 dokumentumok"},"content":{"rendered":"<p><img data-recalc-dims=\"1\" fetchpriority=\"high\" decoding=\"async\" src=\"https:\/\/i0.wp.com\/www.sztgotthard-altisk.hu\/wp-content\/uploads\/2015\/09\/dok.png?resize=1140%2C208\" alt=\"Dokumentumt\u00e1r\" width=\"1140\" height=\"208\" \/><\/p>\n<p><strong><a href=\"https:\/\/forms.gle\/UYXH2D3S9X7tYTZe9\">Be\u00edrat\u00e1si sz\u00e1nd\u00e9k felm\u00e9r\u0151<\/a><\/strong><\/p>\n<p><strong><a href=\"https:\/\/sztgotthard-altisk.hu\/wp-content\/uploads\/2024\/11\/SZMSZ-2024.pdf\">Szervezeti \u00e9s m\u0171k\u00f6d\u00e9si szab\u00e1lyzat<\/a><\/strong><\/p>\n<p><strong><a href=\"https:\/\/sztgotthard-altisk.hu\/wp-content\/uploads\/2024\/11\/Pedagogiai-Program-2024.pdf\">Pedag\u00f3giai program<\/a><\/strong><\/p>\n<p><strong><a href=\"https:\/\/www.sztgotthard-altisk.hu\/wp-content\/uploads\/2022\/09\/Alapito_okirat.pdf\">Alap\u00edt\u00f3 okirat<\/a><\/strong><\/p>\n<p><strong><a href=\"https:\/\/sztgotthard-altisk.hu\/wp-content\/uploads\/2024\/11\/Hazirend-2024.pdf\">H\u00e1zirend<\/a><\/strong><\/p>\n<p>&nbsp;<\/p>\n<p>&nbsp;<\/p>\n","protected":false},"excerpt":{"rendered":"<p>Be\u00edrat\u00e1si sz\u00e1nd\u00e9k felm\u00e9r\u0151 Szervezeti \u00e9s m\u0171k\u00f6d\u00e9si szab\u00e1lyzat Pedag\u00f3giai program Alap\u00edt\u00f3 okirat H\u00e1zirend &nbsp; &nbsp;<\/p>\n","protected":false},"author":4,"featured_media":0,"parent":0,"menu_order":0,"comment_status":"closed","ping_status":"closed","template":"","meta":{"_exactmetrics_skip_tracking":false,"_exactmetrics_sitenote_active":false,"_exactmetrics_sitenote_note":"","_exactmetrics_sitenote_category":0,"footnotes":""},"class_list":["post-48","page","type-page","status-publish","hentry"],"yoast_head":"<!-- This site is optimized with the Yoast SEO plugin v26.7 - https:\/\/yoast.com\/wordpress\/plugins\/seo\/ -->\n<title>Let\u00f6lthet\u0151 dokumentumok - Szent Gotth\u00e1rd \u00c1ltal\u00e1nos Iskola<\/title>\n<meta name=\"robots\" content=\"index, follow, max-snippet:-1, max-image-preview:large, max-video-preview:-1\" \/>\n<link rel=\"canonical\" href=\"https:\/\/sztgotthard-altisk.hu\/?page_id=48\" \/>\n<meta property=\"og:locale\" content=\"hu_HU\" \/>\n<meta property=\"og:type\" content=\"article\" \/>\n<meta property=\"og:title\" content=\"Let\u00f6lthet\u0151 dokumentumok - Szent Gotth\u00e1rd \u00c1ltal\u00e1nos Iskola\" \/>\n<meta property=\"og:description\" content=\"Be\u00edrat\u00e1si sz\u00e1nd\u00e9k felm\u00e9r\u0151 Szervezeti \u00e9s m\u0171k\u00f6d\u00e9si szab\u00e1lyzat Pedag\u00f3giai program Alap\u00edt\u00f3 okirat H\u00e1zirend &nbsp; &nbsp;\" \/>\n<meta property=\"og:url\" content=\"https:\/\/sztgotthard-altisk.hu\/?page_id=48\" \/>\n<meta property=\"og:site_name\" content=\"Szent Gotth\u00e1rd \u00c1ltal\u00e1nos Iskola\" \/>\n<meta property=\"article:modified_time\" content=\"2025-02-11T09:47:54+00:00\" \/>\n<meta property=\"og:image\" content=\"http:\/\/www.sztgotthard-altisk.hu\/wp-content\/uploads\/2015\/09\/dok.png\" \/>\n<meta name=\"twitter:card\" content=\"summary_large_image\" \/>\n<script type=\"application\/ld+json\" class=\"yoast-schema-graph\">{\"@context\":\"https:\/\/schema.org\",\"@graph\":[{\"@type\":\"WebPage\",\"@id\":\"https:\/\/sztgotthard-altisk.hu\/?page_id=48\",\"url\":\"https:\/\/sztgotthard-altisk.hu\/?page_id=48\",\"name\":\"Let\u00f6lthet\u0151 dokumentumok - Szent Gotth\u00e1rd \u00c1ltal\u00e1nos Iskola\",\"isPartOf\":{\"@id\":\"https:\/\/sztgotthard-altisk.hu\/#website\"},\"primaryImageOfPage\":{\"@id\":\"https:\/\/sztgotthard-altisk.hu\/?page_id=48#primaryimage\"},\"image\":{\"@id\":\"https:\/\/sztgotthard-altisk.hu\/?page_id=48#primaryimage\"},\"thumbnailUrl\":\"http:\/\/www.sztgotthard-altisk.hu\/wp-content\/uploads\/2015\/09\/dok.png\",\"datePublished\":\"2015-09-04T06:14:39+00:00\",\"dateModified\":\"2025-02-11T09:47:54+00:00\",\"breadcrumb\":{\"@id\":\"https:\/\/sztgotthard-altisk.hu\/?page_id=48#breadcrumb\"},\"inLanguage\":\"hu\",\"potentialAction\":[{\"@type\":\"ReadAction\",\"target\":[\"https:\/\/sztgotthard-altisk.hu\/?page_id=48\"]}]},{\"@type\":\"ImageObject\",\"inLanguage\":\"hu\",\"@id\":\"https:\/\/sztgotthard-altisk.hu\/?page_id=48#primaryimage\",\"url\":\"http:\/\/www.sztgotthard-altisk.hu\/wp-content\/uploads\/2015\/09\/dok.png\",\"contentUrl\":\"http:\/\/www.sztgotthard-altisk.hu\/wp-content\/uploads\/2015\/09\/dok.png\"},{\"@type\":\"BreadcrumbList\",\"@id\":\"https:\/\/sztgotthard-altisk.hu\/?page_id=48#breadcrumb\",\"itemListElement\":[{\"@type\":\"ListItem\",\"position\":1,\"name\":\"Kezd\u0151lap\",\"item\":\"https:\/\/sztgotthard-altisk.hu\/\"},{\"@type\":\"ListItem\",\"position\":2,\"name\":\"Let\u00f6lthet\u0151 dokumentumok\"}]},{\"@type\":\"WebSite\",\"@id\":\"https:\/\/sztgotthard-altisk.hu\/#website\",\"url\":\"https:\/\/sztgotthard-altisk.hu\/\",\"name\":\"Szent Gotth\u00e1rd \u00c1ltal\u00e1nos Iskola\",\"description\":\"Szent Gotth\u00e1rd \u00c1ltal\u00e1nos Iskola\",\"publisher\":{\"@id\":\"https:\/\/sztgotthard-altisk.hu\/#organization\"},\"potentialAction\":[{\"@type\":\"SearchAction\",\"target\":{\"@type\":\"EntryPoint\",\"urlTemplate\":\"https:\/\/sztgotthard-altisk.hu\/?s={search_term_string}\"},\"query-input\":{\"@type\":\"PropertyValueSpecification\",\"valueRequired\":true,\"valueName\":\"search_term_string\"}}],\"inLanguage\":\"hu\"},{\"@type\":\"Organization\",\"@id\":\"https:\/\/sztgotthard-altisk.hu\/#organization\",\"name\":\"Szent Gell\u00e9rt \u00c1ltal\u00e1nos Iskola\",\"url\":\"https:\/\/sztgotthard-altisk.hu\/\",\"logo\":{\"@type\":\"ImageObject\",\"inLanguage\":\"hu\",\"@id\":\"https:\/\/sztgotthard-altisk.hu\/#\/schema\/logo\/image\/\",\"url\":\"https:\/\/i0.wp.com\/www.sztgotthard-altisk.hu\/wp-content\/uploads\/2022\/01\/sztg_altisk_logo.png?fit=161%2C129&ssl=1\",\"contentUrl\":\"https:\/\/i0.wp.com\/www.sztgotthard-altisk.hu\/wp-content\/uploads\/2022\/01\/sztg_altisk_logo.png?fit=161%2C129&ssl=1\",\"width\":161,\"height\":129,\"caption\":\"Szent Gell\u00e9rt \u00c1ltal\u00e1nos Iskola\"},\"image\":{\"@id\":\"https:\/\/sztgotthard-altisk.hu\/#\/schema\/logo\/image\/\"}}]}<\/script>\n<!-- \/ Yoast SEO plugin. -->","yoast_head_json":{"title":"Let\u00f6lthet\u0151 dokumentumok - Szent Gotth\u00e1rd \u00c1ltal\u00e1nos Iskola","robots":{"index":"index","follow":"follow","max-snippet":"max-snippet:-1","max-image-preview":"max-image-preview:large","max-video-preview":"max-video-preview:-1"},"canonical":"https:\/\/sztgotthard-altisk.hu\/?page_id=48","og_locale":"hu_HU","og_type":"article","og_title":"Let\u00f6lthet\u0151 dokumentumok - Szent Gotth\u00e1rd \u00c1ltal\u00e1nos Iskola","og_description":"Be\u00edrat\u00e1si sz\u00e1nd\u00e9k felm\u00e9r\u0151 Szervezeti \u00e9s m\u0171k\u00f6d\u00e9si szab\u00e1lyzat Pedag\u00f3giai program Alap\u00edt\u00f3 okirat H\u00e1zirend &nbsp; &nbsp;","og_url":"https:\/\/sztgotthard-altisk.hu\/?page_id=48","og_site_name":"Szent Gotth\u00e1rd \u00c1ltal\u00e1nos Iskola","article_modified_time":"2025-02-11T09:47:54+00:00","og_image":[{"url":"http:\/\/www.sztgotthard-altisk.hu\/wp-content\/uploads\/2015\/09\/dok.png","type":"","width":"","height":""}],"twitter_card":"summary_large_image","schema":{"@context":"https:\/\/schema.org","@graph":[{"@type":"WebPage","@id":"https:\/\/sztgotthard-altisk.hu\/?page_id=48","url":"https:\/\/sztgotthard-altisk.hu\/?page_id=48","name":"Let\u00f6lthet\u0151 dokumentumok - Szent Gotth\u00e1rd \u00c1ltal\u00e1nos Iskola","isPartOf":{"@id":"https:\/\/sztgotthard-altisk.hu\/#website"},"primaryImageOfPage":{"@id":"https:\/\/sztgotthard-altisk.hu\/?page_id=48#primaryimage"},"image":{"@id":"https:\/\/sztgotthard-altisk.hu\/?page_id=48#primaryimage"},"thumbnailUrl":"http:\/\/www.sztgotthard-altisk.hu\/wp-content\/uploads\/2015\/09\/dok.png","datePublished":"2015-09-04T06:14:39+00:00","dateModified":"2025-02-11T09:47:54+00:00","breadcrumb":{"@id":"https:\/\/sztgotthard-altisk.hu\/?page_id=48#breadcrumb"},"inLanguage":"hu","potentialAction":[{"@type":"ReadAction","target":["https:\/\/sztgotthard-altisk.hu\/?page_id=48"]}]},{"@type":"ImageObject","inLanguage":"hu","@id":"https:\/\/sztgotthard-altisk.hu\/?page_id=48#primaryimage","url":"http:\/\/www.sztgotthard-altisk.hu\/wp-content\/uploads\/2015\/09\/dok.png","contentUrl":"http:\/\/www.sztgotthard-altisk.hu\/wp-content\/uploads\/2015\/09\/dok.png"},{"@type":"BreadcrumbList","@id":"https:\/\/sztgotthard-altisk.hu\/?page_id=48#breadcrumb","itemListElement":[{"@type":"ListItem","position":1,"name":"Kezd\u0151lap","item":"https:\/\/sztgotthard-altisk.hu\/"},{"@type":"ListItem","position":2,"name":"Let\u00f6lthet\u0151 dokumentumok"}]},{"@type":"WebSite","@id":"https:\/\/sztgotthard-altisk.hu\/#website","url":"https:\/\/sztgotthard-altisk.hu\/","name":"Szent Gotth\u00e1rd \u00c1ltal\u00e1nos Iskola","description":"Szent Gotth\u00e1rd \u00c1ltal\u00e1nos Iskola","publisher":{"@id":"https:\/\/sztgotthard-altisk.hu\/#organization"},"potentialAction":[{"@type":"SearchAction","target":{"@type":"EntryPoint","urlTemplate":"https:\/\/sztgotthard-altisk.hu\/?s={search_term_string}"},"query-input":{"@type":"PropertyValueSpecification","valueRequired":true,"valueName":"search_term_string"}}],"inLanguage":"hu"},{"@type":"Organization","@id":"https:\/\/sztgotthard-altisk.hu\/#organization","name":"Szent Gell\u00e9rt \u00c1ltal\u00e1nos Iskola","url":"https:\/\/sztgotthard-altisk.hu\/","logo":{"@type":"ImageObject","inLanguage":"hu","@id":"https:\/\/sztgotthard-altisk.hu\/#\/schema\/logo\/image\/","url":"https:\/\/i0.wp.com\/www.sztgotthard-altisk.hu\/wp-content\/uploads\/2022\/01\/sztg_altisk_logo.png?fit=161%2C129&ssl=1","contentUrl":"https:\/\/i0.wp.com\/www.sztgotthard-altisk.hu\/wp-content\/uploads\/2022\/01\/sztg_altisk_logo.png?fit=161%2C129&ssl=1","width":161,"height":129,"caption":"Szent Gell\u00e9rt \u00c1ltal\u00e1nos Iskola"},"image":{"@id":"https:\/\/sztgotthard-altisk.hu\/#\/schema\/logo\/image\/"}}]}},"jetpack_shortlink":"https:\/\/wp.me\/P9tyQr-M","jetpack_sharing_enabled":true,"_links":{"self":[{"href":"https:\/\/sztgotthard-altisk.hu\/index.php?rest_route=\/wp\/v2\/pages\/48","targetHints":{"allow":["GET"]}}],"collection":[{"href":"https:\/\/sztgotthard-altisk.hu\/index.php?rest_route=\/wp\/v2\/pages"}],"about":[{"href":"https:\/\/sztgotthard-altisk.hu\/index.php?rest_route=\/wp\/v2\/types\/page"}],"author":[{"embeddable":true,"href":"https:\/\/sztgotthard-altisk.hu\/index.php?rest_route=\/wp\/v2\/users\/4"}],"replies":[{"embeddable":true,"href":"https:\/\/sztgotthard-altisk.hu\/index.php?rest_route=%2Fwp%2Fv2%2Fcomments&post=48"}],"version-history":[{"count":26,"href":"https:\/\/sztgotthard-altisk.hu\/index.php?rest_route=\/wp\/v2\/pages\/48\/revisions"}],"predecessor-version":[{"id":9520,"href":"https:\/\/sztgotthard-altisk.hu\/index.php?rest_route=\/wp\/v2\/pages\/48\/revisions\/9520"}],"wp:attachment":[{"href":"https:\/\/sztgotthard-altisk.hu\/index.php?rest_route=%2Fwp%2Fv2%2Fmedia&parent=48"}],"curies":[{"name":"wp","href":"https:\/\/api.w.org\/{rel}","templated":true}]}}