{"id":10329,"date":"2025-10-03T11:08:37","date_gmt":"2025-10-03T10:08:37","guid":{"rendered":"https:\/\/sztgotthard-altisk.hu\/?page_id=10329"},"modified":"2025-10-03T11:08:37","modified_gmt":"2025-10-03T10:08:37","slug":"kapcsolattartas","status":"publish","type":"page","link":"https:\/\/sztgotthard-altisk.hu\/?page_id=10329","title":{"rendered":"Kapcsolattart\u00e1s"},"content":{"rendered":"<p><strong>Az iskola c\u00edme:\u00a0<\/strong>9970 Szentgotth\u00e1rd, F\u00fczesi utca 3.<\/p>\n<p><strong>Az iskola honlapja:\u00a0<\/strong>www.szentgotthard-altisk.hu<\/p>\n<p><strong>Az iskola e-mail c\u00edme:\u00a0<\/strong>szent.gotthard.altalanos@martinus.hu<\/p>\n<p><strong>Az iskola telefonsz\u00e1ma:\u00a0<\/strong>+36 94 554 146<\/p>\n<p><strong>Az iskola Facebook oldala:\u00a0<\/strong>facebook.com\/sztgotthardaltisk<\/p>\n<p>&nbsp;<\/p>\n<p><strong>Iskola fog\u00e1szat:\u00a0<\/strong>Dr. Schultz Antal\u00a0<\/p>\n<p><strong>Bejelentkez\u00e9s alapj\u00e1n!\u00a0<\/strong>0694 554 147<\/p>\n<p>&nbsp;<\/p>\n<p><strong>Iskola &#8211; ifj\u00fas\u00e1gi v\u00e9d\u0151n\u0151:<\/strong> Veszelovics T\u00edmea\u00a0 \u00a0<\/p>\n<p><strong>El\u00e9rhet\u0151s\u00e9g:<\/strong> 06308579852<\/p>\n<p><strong>e-mail:<\/strong> iskolavedono2@rendelointezetsztg.hu<\/p>\n<p><strong>fogad\u00f3 \u00f3ra:<\/strong> szerda, p\u00e9ntek: 10:00 &#8211; 12:00<\/p>\n<p><strong>Iskolapszichol\u00f3gus: <\/strong>T\u00e1ncos Beatrix<\/p>\n<p>e-mail: tancos.beatrix@gmail.com\u00a0<\/p>\n<p>&nbsp;<\/p>\n<p><strong>Ifj\u00fas\u00e1gv\u00e9delmi felel\u0151s:\u00a0<\/strong>Heged\u0171sn\u00e9 Dragony Kitti<\/p>\n<p>&nbsp;<\/p>\n<p>&nbsp;<\/p>\n<p>&nbsp;<\/p>\n<p>&nbsp;<\/p>\n","protected":false},"excerpt":{"rendered":"<p>Az iskola c\u00edme:\u00a09970 Szentgotth\u00e1rd, F\u00fczesi utca 3. Az iskola honlapja:\u00a0www.szentgotthard-altisk.hu Az iskola e-mail c\u00edme:\u00a0szent.gotthard.altalanos@martinus.hu Az iskola telefonsz\u00e1ma:\u00a0+36 94 554 146 Az iskola Facebook oldala:\u00a0facebook.com\/sztgotthardaltisk &nbsp; Iskola fog\u00e1szat:\u00a0Dr. Schultz Antal\u00a0 Bejelentkez\u00e9s alapj\u00e1n!\u00a00694 554 147 &nbsp; Iskola &#8211; ifj\u00fas\u00e1gi v\u00e9d\u0151n\u0151: Veszelovics T\u00edmea\u00a0 \u00a0 El\u00e9rhet\u0151s\u00e9g: 06308579852 e-mail: iskolavedono2@rendelointezetsztg.hu fogad\u00f3 \u00f3ra: szerda, p\u00e9ntek: 10:00 &#8211; 12:00 Iskolapszichol\u00f3gus: T\u00e1ncos Beatrix [&hellip;]<\/p>\n","protected":false},"author":7,"featured_media":0,"parent":0,"menu_order":0,"comment_status":"closed","ping_status":"closed","template":"","meta":{"_exactmetrics_skip_tracking":false,"_exactmetrics_sitenote_active":false,"_exactmetrics_sitenote_note":"","_exactmetrics_sitenote_category":0,"footnotes":""},"class_list":["post-10329","page","type-page","status-publish","hentry"],"yoast_head":"<!-- This site is optimized with the Yoast SEO plugin v26.7 - https:\/\/yoast.com\/wordpress\/plugins\/seo\/ -->\n<title>Kapcsolattart\u00e1s - Szent Gotth\u00e1rd \u00c1ltal\u00e1nos Iskola<\/title>\n<meta name=\"robots\" content=\"index, follow, max-snippet:-1, max-image-preview:large, max-video-preview:-1\" \/>\n<link rel=\"canonical\" href=\"https:\/\/sztgotthard-altisk.hu\/?page_id=10329\" \/>\n<meta property=\"og:locale\" content=\"hu_HU\" \/>\n<meta property=\"og:type\" content=\"article\" \/>\n<meta property=\"og:title\" content=\"Kapcsolattart\u00e1s - Szent Gotth\u00e1rd \u00c1ltal\u00e1nos Iskola\" \/>\n<meta property=\"og:description\" content=\"Az iskola c\u00edme:\u00a09970 Szentgotth\u00e1rd, F\u00fczesi utca 3. Az iskola honlapja:\u00a0www.szentgotthard-altisk.hu Az iskola e-mail c\u00edme:\u00a0szent.gotthard.altalanos@martinus.hu Az iskola telefonsz\u00e1ma:\u00a0+36 94 554 146 Az iskola Facebook oldala:\u00a0facebook.com\/sztgotthardaltisk &nbsp; Iskola fog\u00e1szat:\u00a0Dr. Schultz Antal\u00a0 Bejelentkez\u00e9s alapj\u00e1n!\u00a00694 554 147 &nbsp; Iskola &#8211; ifj\u00fas\u00e1gi v\u00e9d\u0151n\u0151: Veszelovics T\u00edmea\u00a0 \u00a0 El\u00e9rhet\u0151s\u00e9g: 06308579852 e-mail: iskolavedono2@rendelointezetsztg.hu fogad\u00f3 \u00f3ra: szerda, p\u00e9ntek: 10:00 &#8211; 12:00 Iskolapszichol\u00f3gus: T\u00e1ncos Beatrix [&hellip;]\" \/>\n<meta property=\"og:url\" content=\"https:\/\/sztgotthard-altisk.hu\/?page_id=10329\" \/>\n<meta property=\"og:site_name\" content=\"Szent Gotth\u00e1rd \u00c1ltal\u00e1nos Iskola\" \/>\n<meta name=\"twitter:card\" content=\"summary_large_image\" \/>\n<script type=\"application\/ld+json\" class=\"yoast-schema-graph\">{\"@context\":\"https:\/\/schema.org\",\"@graph\":[{\"@type\":\"WebPage\",\"@id\":\"https:\/\/sztgotthard-altisk.hu\/?page_id=10329\",\"url\":\"https:\/\/sztgotthard-altisk.hu\/?page_id=10329\",\"name\":\"Kapcsolattart\u00e1s - Szent Gotth\u00e1rd \u00c1ltal\u00e1nos Iskola\",\"isPartOf\":{\"@id\":\"https:\/\/sztgotthard-altisk.hu\/#website\"},\"datePublished\":\"2025-10-03T10:08:37+00:00\",\"breadcrumb\":{\"@id\":\"https:\/\/sztgotthard-altisk.hu\/?page_id=10329#breadcrumb\"},\"inLanguage\":\"hu\",\"potentialAction\":[{\"@type\":\"ReadAction\",\"target\":[\"https:\/\/sztgotthard-altisk.hu\/?page_id=10329\"]}]},{\"@type\":\"BreadcrumbList\",\"@id\":\"https:\/\/sztgotthard-altisk.hu\/?page_id=10329#breadcrumb\",\"itemListElement\":[{\"@type\":\"ListItem\",\"position\":1,\"name\":\"Kezd\u0151lap\",\"item\":\"https:\/\/sztgotthard-altisk.hu\/\"},{\"@type\":\"ListItem\",\"position\":2,\"name\":\"Kapcsolattart\u00e1s\"}]},{\"@type\":\"WebSite\",\"@id\":\"https:\/\/sztgotthard-altisk.hu\/#website\",\"url\":\"https:\/\/sztgotthard-altisk.hu\/\",\"name\":\"Szent Gotth\u00e1rd \u00c1ltal\u00e1nos Iskola\",\"description\":\"Szent Gotth\u00e1rd \u00c1ltal\u00e1nos Iskola\",\"publisher\":{\"@id\":\"https:\/\/sztgotthard-altisk.hu\/#organization\"},\"potentialAction\":[{\"@type\":\"SearchAction\",\"target\":{\"@type\":\"EntryPoint\",\"urlTemplate\":\"https:\/\/sztgotthard-altisk.hu\/?s={search_term_string}\"},\"query-input\":{\"@type\":\"PropertyValueSpecification\",\"valueRequired\":true,\"valueName\":\"search_term_string\"}}],\"inLanguage\":\"hu\"},{\"@type\":\"Organization\",\"@id\":\"https:\/\/sztgotthard-altisk.hu\/#organization\",\"name\":\"Szent Gell\u00e9rt \u00c1ltal\u00e1nos Iskola\",\"url\":\"https:\/\/sztgotthard-altisk.hu\/\",\"logo\":{\"@type\":\"ImageObject\",\"inLanguage\":\"hu\",\"@id\":\"https:\/\/sztgotthard-altisk.hu\/#\/schema\/logo\/image\/\",\"url\":\"https:\/\/i0.wp.com\/www.sztgotthard-altisk.hu\/wp-content\/uploads\/2022\/01\/sztg_altisk_logo.png?fit=161%2C129&ssl=1\",\"contentUrl\":\"https:\/\/i0.wp.com\/www.sztgotthard-altisk.hu\/wp-content\/uploads\/2022\/01\/sztg_altisk_logo.png?fit=161%2C129&ssl=1\",\"width\":161,\"height\":129,\"caption\":\"Szent Gell\u00e9rt \u00c1ltal\u00e1nos Iskola\"},\"image\":{\"@id\":\"https:\/\/sztgotthard-altisk.hu\/#\/schema\/logo\/image\/\"}}]}<\/script>\n<!-- \/ Yoast SEO plugin. -->","yoast_head_json":{"title":"Kapcsolattart\u00e1s - Szent Gotth\u00e1rd \u00c1ltal\u00e1nos Iskola","robots":{"index":"index","follow":"follow","max-snippet":"max-snippet:-1","max-image-preview":"max-image-preview:large","max-video-preview":"max-video-preview:-1"},"canonical":"https:\/\/sztgotthard-altisk.hu\/?page_id=10329","og_locale":"hu_HU","og_type":"article","og_title":"Kapcsolattart\u00e1s - Szent Gotth\u00e1rd \u00c1ltal\u00e1nos Iskola","og_description":"Az iskola c\u00edme:\u00a09970 Szentgotth\u00e1rd, F\u00fczesi utca 3. Az iskola honlapja:\u00a0www.szentgotthard-altisk.hu Az iskola e-mail c\u00edme:\u00a0szent.gotthard.altalanos@martinus.hu Az iskola telefonsz\u00e1ma:\u00a0+36 94 554 146 Az iskola Facebook oldala:\u00a0facebook.com\/sztgotthardaltisk &nbsp; Iskola fog\u00e1szat:\u00a0Dr. Schultz Antal\u00a0 Bejelentkez\u00e9s alapj\u00e1n!\u00a00694 554 147 &nbsp; Iskola &#8211; ifj\u00fas\u00e1gi v\u00e9d\u0151n\u0151: Veszelovics T\u00edmea\u00a0 \u00a0 El\u00e9rhet\u0151s\u00e9g: 06308579852 e-mail: iskolavedono2@rendelointezetsztg.hu fogad\u00f3 \u00f3ra: szerda, p\u00e9ntek: 10:00 &#8211; 12:00 Iskolapszichol\u00f3gus: T\u00e1ncos Beatrix [&hellip;]","og_url":"https:\/\/sztgotthard-altisk.hu\/?page_id=10329","og_site_name":"Szent Gotth\u00e1rd \u00c1ltal\u00e1nos Iskola","twitter_card":"summary_large_image","schema":{"@context":"https:\/\/schema.org","@graph":[{"@type":"WebPage","@id":"https:\/\/sztgotthard-altisk.hu\/?page_id=10329","url":"https:\/\/sztgotthard-altisk.hu\/?page_id=10329","name":"Kapcsolattart\u00e1s - Szent Gotth\u00e1rd \u00c1ltal\u00e1nos Iskola","isPartOf":{"@id":"https:\/\/sztgotthard-altisk.hu\/#website"},"datePublished":"2025-10-03T10:08:37+00:00","breadcrumb":{"@id":"https:\/\/sztgotthard-altisk.hu\/?page_id=10329#breadcrumb"},"inLanguage":"hu","potentialAction":[{"@type":"ReadAction","target":["https:\/\/sztgotthard-altisk.hu\/?page_id=10329"]}]},{"@type":"BreadcrumbList","@id":"https:\/\/sztgotthard-altisk.hu\/?page_id=10329#breadcrumb","itemListElement":[{"@type":"ListItem","position":1,"name":"Kezd\u0151lap","item":"https:\/\/sztgotthard-altisk.hu\/"},{"@type":"ListItem","position":2,"name":"Kapcsolattart\u00e1s"}]},{"@type":"WebSite","@id":"https:\/\/sztgotthard-altisk.hu\/#website","url":"https:\/\/sztgotthard-altisk.hu\/","name":"Szent Gotth\u00e1rd \u00c1ltal\u00e1nos Iskola","description":"Szent Gotth\u00e1rd \u00c1ltal\u00e1nos Iskola","publisher":{"@id":"https:\/\/sztgotthard-altisk.hu\/#organization"},"potentialAction":[{"@type":"SearchAction","target":{"@type":"EntryPoint","urlTemplate":"https:\/\/sztgotthard-altisk.hu\/?s={search_term_string}"},"query-input":{"@type":"PropertyValueSpecification","valueRequired":true,"valueName":"search_term_string"}}],"inLanguage":"hu"},{"@type":"Organization","@id":"https:\/\/sztgotthard-altisk.hu\/#organization","name":"Szent Gell\u00e9rt \u00c1ltal\u00e1nos Iskola","url":"https:\/\/sztgotthard-altisk.hu\/","logo":{"@type":"ImageObject","inLanguage":"hu","@id":"https:\/\/sztgotthard-altisk.hu\/#\/schema\/logo\/image\/","url":"https:\/\/i0.wp.com\/www.sztgotthard-altisk.hu\/wp-content\/uploads\/2022\/01\/sztg_altisk_logo.png?fit=161%2C129&ssl=1","contentUrl":"https:\/\/i0.wp.com\/www.sztgotthard-altisk.hu\/wp-content\/uploads\/2022\/01\/sztg_altisk_logo.png?fit=161%2C129&ssl=1","width":161,"height":129,"caption":"Szent Gell\u00e9rt \u00c1ltal\u00e1nos Iskola"},"image":{"@id":"https:\/\/sztgotthard-altisk.hu\/#\/schema\/logo\/image\/"}}]}},"jetpack_shortlink":"https:\/\/wp.me\/P9tyQr-2GB","jetpack_sharing_enabled":true,"_links":{"self":[{"href":"https:\/\/sztgotthard-altisk.hu\/index.php?rest_route=\/wp\/v2\/pages\/10329","targetHints":{"allow":["GET"]}}],"collection":[{"href":"https:\/\/sztgotthard-altisk.hu\/index.php?rest_route=\/wp\/v2\/pages"}],"about":[{"href":"https:\/\/sztgotthard-altisk.hu\/index.php?rest_route=\/wp\/v2\/types\/page"}],"author":[{"embeddable":true,"href":"https:\/\/sztgotthard-altisk.hu\/index.php?rest_route=\/wp\/v2\/users\/7"}],"replies":[{"embeddable":true,"href":"https:\/\/sztgotthard-altisk.hu\/index.php?rest_route=%2Fwp%2Fv2%2Fcomments&post=10329"}],"version-history":[{"count":1,"href":"https:\/\/sztgotthard-altisk.hu\/index.php?rest_route=\/wp\/v2\/pages\/10329\/revisions"}],"predecessor-version":[{"id":10330,"href":"https:\/\/sztgotthard-altisk.hu\/index.php?rest_route=\/wp\/v2\/pages\/10329\/revisions\/10330"}],"wp:attachment":[{"href":"https:\/\/sztgotthard-altisk.hu\/index.php?rest_route=%2Fwp%2Fv2%2Fmedia&parent=10329"}],"curies":[{"name":"wp","href":"https:\/\/api.w.org\/{rel}","templated":true}]}}